{"id":2286,"date":"2026-01-17T19:20:08","date_gmt":"2026-01-17T19:20:08","guid":{"rendered":"https:\/\/ballet-academy.ch\/program\/ballet-adultes-carte-10-cours\/"},"modified":"2026-03-19T20:48:55","modified_gmt":"2026-03-19T20:48:55","slug":"ballet-adultes-carte-10-cours","status":"publish","type":"product","link":"https:\/\/ballet-academy.ch\/fr\/produit\/ballet-adultes-carte-10-cours\/","title":{"rendered":"Ballet Adultes &#8211; Carte de 10 cours"},"content":{"rendered":"<p>Id\u00e9al si vous souhaitez vous entra\u00eener r\u00e9guli\u00e8rement et progresser plus vite.<br \/>\nValable pour les cours de Ballet Adultes (tous niveaux). Les cr\u00e9dits ne sont d\u00e9duits que lors de votre pr\u00e9sence.<\/p>\n","protected":false},"excerpt":{"rendered":"<p>La meilleure option pour progresser r\u00e9guli\u00e8rement en toute flexibilit\u00e9.<\/p>\n","protected":false},"featured_media":2287,"menu_order":49,"template":"","meta":{"_acf_changed":false},"audience":[168],"location":[160],"offer_type":[198],"product_brand":[],"product_cat":[124],"product_tag":[],"class_list":{"0":"post-2286","1":"product","2":"type-product","3":"status-publish","4":"has-post-thumbnail","6":"audience-adultes","7":"location-champel","8":"offer_type-entry-pass","9":"product_cat-adultes","11":"first","12":"instock","13":"virtual","14":"taxable","15":"purchasable","16":"product-type-simple"},"acf":[],"yoast_head":"<!-- This site is optimized with the Yoast SEO plugin v27.3 - https:\/\/yoast.com\/product\/yoast-seo-wordpress\/ -->\n<title>Ballet Adultes - Carte de 10 cours - Ballet Academy Vladimir Ippolitov<\/title>\n<meta name=\"robots\" content=\"index, follow, max-snippet:-1, max-image-preview:large, max-video-preview:-1\" \/>\n<link rel=\"canonical\" href=\"https:\/\/ballet-academy.ch\/fr\/produit\/ballet-adultes-carte-10-cours\/\" \/>\n<meta property=\"og:locale\" content=\"fr_FR\" \/>\n<meta property=\"og:type\" content=\"article\" \/>\n<meta property=\"og:title\" content=\"Ballet Adultes - Carte de 10 cours - Ballet Academy Vladimir Ippolitov\" \/>\n<meta property=\"og:description\" content=\"La meilleure option pour progresser r\u00e9guli\u00e8rement en toute flexibilit\u00e9.\" \/>\n<meta property=\"og:url\" content=\"https:\/\/ballet-academy.ch\/fr\/produit\/ballet-adultes-carte-10-cours\/\" \/>\n<meta property=\"og:site_name\" content=\"Ballet Academy Vladimir Ippolitov\" \/>\n<meta property=\"article:publisher\" content=\"https:\/\/www.facebook.com\/ecoledeballetvippolitov\" \/>\n<meta property=\"article:modified_time\" content=\"2026-03-19T20:48:55+00:00\" \/>\n<meta property=\"og:image\" content=\"https:\/\/ballet-academy.ch\/wp-content\/uploads\/2026\/02\/TG_251030_Ballet_Ippolitov_0152.jpg\" \/>\n\t<meta property=\"og:image:width\" content=\"1500\" \/>\n\t<meta property=\"og:image:height\" content=\"1500\" \/>\n\t<meta property=\"og:image:type\" content=\"image\/jpeg\" \/>\n<meta name=\"twitter:card\" content=\"summary_large_image\" \/>\n<meta name=\"twitter:label1\" content=\"Dur\u00e9e de lecture estim\u00e9e\" \/>\n\t<meta name=\"twitter:data1\" content=\"1 minute\" \/>\n<script type=\"application\/ld+json\" class=\"yoast-schema-graph\">{\"@context\":\"https:\\\/\\\/schema.org\",\"@graph\":[{\"@type\":\"WebPage\",\"@id\":\"https:\\\/\\\/ballet-academy.ch\\\/fr\\\/produit\\\/ballet-adultes-carte-10-cours\\\/\",\"url\":\"https:\\\/\\\/ballet-academy.ch\\\/fr\\\/produit\\\/ballet-adultes-carte-10-cours\\\/\",\"name\":\"Ballet Adultes - Carte de 10 cours - Ballet Academy Vladimir Ippolitov\",\"isPartOf\":{\"@id\":\"https:\\\/\\\/ballet-academy.ch\\\/fr\\\/#website\"},\"primaryImageOfPage\":{\"@id\":\"https:\\\/\\\/ballet-academy.ch\\\/fr\\\/produit\\\/ballet-adultes-carte-10-cours\\\/#primaryimage\"},\"image\":{\"@id\":\"https:\\\/\\\/ballet-academy.ch\\\/fr\\\/produit\\\/ballet-adultes-carte-10-cours\\\/#primaryimage\"},\"thumbnailUrl\":\"https:\\\/\\\/ballet-academy.ch\\\/wp-content\\\/uploads\\\/2026\\\/02\\\/TG_251030_Ballet_Ippolitov_0152.jpg\",\"datePublished\":\"2026-01-17T19:20:08+00:00\",\"dateModified\":\"2026-03-19T20:48:55+00:00\",\"breadcrumb\":{\"@id\":\"https:\\\/\\\/ballet-academy.ch\\\/fr\\\/produit\\\/ballet-adultes-carte-10-cours\\\/#breadcrumb\"},\"inLanguage\":\"fr-FR\",\"potentialAction\":[{\"@type\":\"ReadAction\",\"target\":[\"https:\\\/\\\/ballet-academy.ch\\\/fr\\\/produit\\\/ballet-adultes-carte-10-cours\\\/\"]}]},{\"@type\":\"ImageObject\",\"inLanguage\":\"fr-FR\",\"@id\":\"https:\\\/\\\/ballet-academy.ch\\\/fr\\\/produit\\\/ballet-adultes-carte-10-cours\\\/#primaryimage\",\"url\":\"https:\\\/\\\/ballet-academy.ch\\\/wp-content\\\/uploads\\\/2026\\\/02\\\/TG_251030_Ballet_Ippolitov_0152.jpg\",\"contentUrl\":\"https:\\\/\\\/ballet-academy.ch\\\/wp-content\\\/uploads\\\/2026\\\/02\\\/TG_251030_Ballet_Ippolitov_0152.jpg\",\"width\":1500,\"height\":1500,\"caption\":\"Acad\u00e9mie de ballet Vladimir Ippolitov Programme Adultes\"},{\"@type\":\"BreadcrumbList\",\"@id\":\"https:\\\/\\\/ballet-academy.ch\\\/fr\\\/produit\\\/ballet-adultes-carte-10-cours\\\/#breadcrumb\",\"itemListElement\":[{\"@type\":\"ListItem\",\"position\":1,\"name\":\"Home\",\"item\":\"https:\\\/\\\/ballet-academy.ch\\\/fr\\\/\"},{\"@type\":\"ListItem\",\"position\":2,\"name\":\"Boutique\",\"item\":\"https:\\\/\\\/ballet-academy.ch\\\/shop\\\/\"},{\"@type\":\"ListItem\",\"position\":3,\"name\":\"Ballet Adultes &#8211; Carte de 10 cours\"}]},{\"@type\":\"WebSite\",\"@id\":\"https:\\\/\\\/ballet-academy.ch\\\/fr\\\/#website\",\"url\":\"https:\\\/\\\/ballet-academy.ch\\\/fr\\\/\",\"name\":\"Ballet Academy Vladimir Ippolitov\",\"description\":\"The Art of Discipline, Elegance, and Presence.\",\"publisher\":{\"@id\":\"https:\\\/\\\/ballet-academy.ch\\\/fr\\\/#organization\"},\"potentialAction\":[{\"@type\":\"SearchAction\",\"target\":{\"@type\":\"EntryPoint\",\"urlTemplate\":\"https:\\\/\\\/ballet-academy.ch\\\/fr\\\/?s={search_term_string}\"},\"query-input\":{\"@type\":\"PropertyValueSpecification\",\"valueRequired\":true,\"valueName\":\"search_term_string\"}}],\"inLanguage\":\"fr-FR\"},{\"@type\":\"Organization\",\"@id\":\"https:\\\/\\\/ballet-academy.ch\\\/fr\\\/#organization\",\"name\":\"Ballet Academy Vladimir Ippolitov\",\"url\":\"https:\\\/\\\/ballet-academy.ch\\\/fr\\\/\",\"logo\":{\"@type\":\"ImageObject\",\"inLanguage\":\"fr-FR\",\"@id\":\"https:\\\/\\\/ballet-academy.ch\\\/fr\\\/#\\\/schema\\\/logo\\\/image\\\/\",\"url\":\"https:\\\/\\\/ballet-academy.ch\\\/wp-content\\\/uploads\\\/2026\\\/03\\\/BA_VI_Logo-Text_Symmetrical_transparent.png\",\"contentUrl\":\"https:\\\/\\\/ballet-academy.ch\\\/wp-content\\\/uploads\\\/2026\\\/03\\\/BA_VI_Logo-Text_Symmetrical_transparent.png\",\"width\":1000,\"height\":448,\"caption\":\"Ballet Academy Vladimir Ippolitov\"},\"image\":{\"@id\":\"https:\\\/\\\/ballet-academy.ch\\\/fr\\\/#\\\/schema\\\/logo\\\/image\\\/\"},\"sameAs\":[\"https:\\\/\\\/www.facebook.com\\\/ecoledeballetvippolitov\",\"https:\\\/\\\/www.instagram.com\\\/ippolitovballetschool\\\/\"]}]}<\/script>\n<!-- \/ Yoast SEO plugin. -->","yoast_head_json":{"title":"Ballet Adultes - Carte de 10 cours - Ballet Academy Vladimir Ippolitov","robots":{"index":"index","follow":"follow","max-snippet":"max-snippet:-1","max-image-preview":"max-image-preview:large","max-video-preview":"max-video-preview:-1"},"canonical":"https:\/\/ballet-academy.ch\/fr\/produit\/ballet-adultes-carte-10-cours\/","og_locale":"fr_FR","og_type":"article","og_title":"Ballet Adultes - Carte de 10 cours - Ballet Academy Vladimir Ippolitov","og_description":"La meilleure option pour progresser r\u00e9guli\u00e8rement en toute flexibilit\u00e9.","og_url":"https:\/\/ballet-academy.ch\/fr\/produit\/ballet-adultes-carte-10-cours\/","og_site_name":"Ballet Academy Vladimir Ippolitov","article_publisher":"https:\/\/www.facebook.com\/ecoledeballetvippolitov","article_modified_time":"2026-03-19T20:48:55+00:00","og_image":[{"width":1500,"height":1500,"url":"https:\/\/ballet-academy.ch\/wp-content\/uploads\/2026\/02\/TG_251030_Ballet_Ippolitov_0152.jpg","type":"image\/jpeg"}],"twitter_card":"summary_large_image","twitter_misc":{"Dur\u00e9e de lecture estim\u00e9e":"1 minute"},"schema":{"@context":"https:\/\/schema.org","@graph":[{"@type":"WebPage","@id":"https:\/\/ballet-academy.ch\/fr\/produit\/ballet-adultes-carte-10-cours\/","url":"https:\/\/ballet-academy.ch\/fr\/produit\/ballet-adultes-carte-10-cours\/","name":"Ballet Adultes - Carte de 10 cours - Ballet Academy Vladimir Ippolitov","isPartOf":{"@id":"https:\/\/ballet-academy.ch\/fr\/#website"},"primaryImageOfPage":{"@id":"https:\/\/ballet-academy.ch\/fr\/produit\/ballet-adultes-carte-10-cours\/#primaryimage"},"image":{"@id":"https:\/\/ballet-academy.ch\/fr\/produit\/ballet-adultes-carte-10-cours\/#primaryimage"},"thumbnailUrl":"https:\/\/ballet-academy.ch\/wp-content\/uploads\/2026\/02\/TG_251030_Ballet_Ippolitov_0152.jpg","datePublished":"2026-01-17T19:20:08+00:00","dateModified":"2026-03-19T20:48:55+00:00","breadcrumb":{"@id":"https:\/\/ballet-academy.ch\/fr\/produit\/ballet-adultes-carte-10-cours\/#breadcrumb"},"inLanguage":"fr-FR","potentialAction":[{"@type":"ReadAction","target":["https:\/\/ballet-academy.ch\/fr\/produit\/ballet-adultes-carte-10-cours\/"]}]},{"@type":"ImageObject","inLanguage":"fr-FR","@id":"https:\/\/ballet-academy.ch\/fr\/produit\/ballet-adultes-carte-10-cours\/#primaryimage","url":"https:\/\/ballet-academy.ch\/wp-content\/uploads\/2026\/02\/TG_251030_Ballet_Ippolitov_0152.jpg","contentUrl":"https:\/\/ballet-academy.ch\/wp-content\/uploads\/2026\/02\/TG_251030_Ballet_Ippolitov_0152.jpg","width":1500,"height":1500,"caption":"Acad\u00e9mie de ballet Vladimir Ippolitov Programme Adultes"},{"@type":"BreadcrumbList","@id":"https:\/\/ballet-academy.ch\/fr\/produit\/ballet-adultes-carte-10-cours\/#breadcrumb","itemListElement":[{"@type":"ListItem","position":1,"name":"Home","item":"https:\/\/ballet-academy.ch\/fr\/"},{"@type":"ListItem","position":2,"name":"Boutique","item":"https:\/\/ballet-academy.ch\/shop\/"},{"@type":"ListItem","position":3,"name":"Ballet Adultes &#8211; Carte de 10 cours"}]},{"@type":"WebSite","@id":"https:\/\/ballet-academy.ch\/fr\/#website","url":"https:\/\/ballet-academy.ch\/fr\/","name":"Ballet Academy Vladimir Ippolitov","description":"The Art of Discipline, Elegance, and Presence.","publisher":{"@id":"https:\/\/ballet-academy.ch\/fr\/#organization"},"potentialAction":[{"@type":"SearchAction","target":{"@type":"EntryPoint","urlTemplate":"https:\/\/ballet-academy.ch\/fr\/?s={search_term_string}"},"query-input":{"@type":"PropertyValueSpecification","valueRequired":true,"valueName":"search_term_string"}}],"inLanguage":"fr-FR"},{"@type":"Organization","@id":"https:\/\/ballet-academy.ch\/fr\/#organization","name":"Ballet Academy Vladimir Ippolitov","url":"https:\/\/ballet-academy.ch\/fr\/","logo":{"@type":"ImageObject","inLanguage":"fr-FR","@id":"https:\/\/ballet-academy.ch\/fr\/#\/schema\/logo\/image\/","url":"https:\/\/ballet-academy.ch\/wp-content\/uploads\/2026\/03\/BA_VI_Logo-Text_Symmetrical_transparent.png","contentUrl":"https:\/\/ballet-academy.ch\/wp-content\/uploads\/2026\/03\/BA_VI_Logo-Text_Symmetrical_transparent.png","width":1000,"height":448,"caption":"Ballet Academy Vladimir Ippolitov"},"image":{"@id":"https:\/\/ballet-academy.ch\/fr\/#\/schema\/logo\/image\/"},"sameAs":["https:\/\/www.facebook.com\/ecoledeballetvippolitov","https:\/\/www.instagram.com\/ippolitovballetschool\/"]}]}},"_links":{"self":[{"href":"https:\/\/ballet-academy.ch\/fr\/wp-json\/wp\/v2\/product\/2286","targetHints":{"allow":["GET"]}}],"collection":[{"href":"https:\/\/ballet-academy.ch\/fr\/wp-json\/wp\/v2\/product"}],"about":[{"href":"https:\/\/ballet-academy.ch\/fr\/wp-json\/wp\/v2\/types\/product"}],"wp:featuredmedia":[{"embeddable":true,"href":"https:\/\/ballet-academy.ch\/fr\/wp-json\/wp\/v2\/media\/2287"}],"wp:attachment":[{"href":"https:\/\/ballet-academy.ch\/fr\/wp-json\/wp\/v2\/media?parent=2286"}],"wp:term":[{"taxonomy":"audience","embeddable":true,"href":"https:\/\/ballet-academy.ch\/fr\/wp-json\/wp\/v2\/audience?post=2286"},{"taxonomy":"location","embeddable":true,"href":"https:\/\/ballet-academy.ch\/fr\/wp-json\/wp\/v2\/location?post=2286"},{"taxonomy":"offer_type","embeddable":true,"href":"https:\/\/ballet-academy.ch\/fr\/wp-json\/wp\/v2\/offer_type?post=2286"},{"taxonomy":"product_brand","embeddable":true,"href":"https:\/\/ballet-academy.ch\/fr\/wp-json\/wp\/v2\/product_brand?post=2286"},{"taxonomy":"product_cat","embeddable":true,"href":"https:\/\/ballet-academy.ch\/fr\/wp-json\/wp\/v2\/product_cat?post=2286"},{"taxonomy":"product_tag","embeddable":true,"href":"https:\/\/ballet-academy.ch\/fr\/wp-json\/wp\/v2\/product_tag?post=2286"}],"curies":[{"name":"wp","href":"https:\/\/api.w.org\/{rel}","templated":true}]}}