{"id":2274,"date":"2026-01-17T19:12:17","date_gmt":"2026-01-17T19:12:17","guid":{"rendered":"https:\/\/ballet-academy.ch\/program\/ateliers-en-entreprise\/"},"modified":"2026-01-17T19:12:17","modified_gmt":"2026-01-17T19:12:17","slug":"ateliers-en-entreprise","status":"publish","type":"product","link":"https:\/\/ballet-academy.ch\/fr\/produit\/ateliers-en-entreprise\/","title":{"rendered":"Ateliers en entreprise"},"content":{"rendered":"<p>Un atelier unique pour am\u00e9liorer la dynamique de groupe, la communication incarn\u00e9e, la coordination et la collaboration cr\u00e9ative. Id\u00e9al pour les entreprises qui investissent dans la culture, l\u2019innovation et les qualit\u00e9s de leadership. <\/p>\n","protected":false},"excerpt":{"rendered":"<p>Team building bas\u00e9 sur le mouvement pour les groupes en entreprise.<\/p>\n","protected":false},"featured_media":0,"menu_order":75,"template":"","meta":{"_acf_changed":false},"audience":[174],"location":[],"offer_type":[193],"product_brand":[],"product_cat":[128],"product_tag":[],"class_list":{"0":"post-2274","1":"product","2":"type-product","3":"status-publish","5":"audience-leadership","6":"offer_type-by-appointment","7":"product_cat-coaching-et-leadership","9":"first","10":"instock","11":"taxable","12":"shipping-taxable","13":"product-type-simple"},"acf":[],"yoast_head":"<!-- This site is optimized with the Yoast SEO plugin v27.3 - https:\/\/yoast.com\/product\/yoast-seo-wordpress\/ -->\n<title>Ateliers en entreprise - Ballet Academy Vladimir Ippolitov<\/title>\n<meta name=\"robots\" content=\"index, follow, max-snippet:-1, max-image-preview:large, max-video-preview:-1\" \/>\n<link rel=\"canonical\" href=\"https:\/\/ballet-academy.ch\/fr\/produit\/ateliers-en-entreprise\/\" \/>\n<meta property=\"og:locale\" content=\"fr_FR\" \/>\n<meta property=\"og:type\" content=\"article\" \/>\n<meta property=\"og:title\" content=\"Ateliers en entreprise - Ballet Academy Vladimir Ippolitov\" \/>\n<meta property=\"og:description\" content=\"Team building bas\u00e9 sur le mouvement pour les groupes en entreprise.\" \/>\n<meta property=\"og:url\" content=\"https:\/\/ballet-academy.ch\/fr\/produit\/ateliers-en-entreprise\/\" \/>\n<meta property=\"og:site_name\" content=\"Ballet Academy Vladimir Ippolitov\" \/>\n<meta property=\"article:publisher\" content=\"https:\/\/www.facebook.com\/ecoledeballetvippolitov\" \/>\n<meta property=\"og:image\" content=\"https:\/\/ballet-academy.ch\/wp-content\/uploads\/2026\/01\/BA-Corporate_Workshop.jpg\" \/>\n\t<meta property=\"og:image:width\" content=\"1024\" \/>\n\t<meta property=\"og:image:height\" content=\"1024\" \/>\n\t<meta property=\"og:image:type\" content=\"image\/jpeg\" \/>\n<meta name=\"twitter:card\" content=\"summary_large_image\" \/>\n<script type=\"application\/ld+json\" class=\"yoast-schema-graph\">{\"@context\":\"https:\\\/\\\/schema.org\",\"@graph\":[{\"@type\":\"WebPage\",\"@id\":\"https:\\\/\\\/ballet-academy.ch\\\/fr\\\/produit\\\/ateliers-en-entreprise\\\/\",\"url\":\"https:\\\/\\\/ballet-academy.ch\\\/fr\\\/produit\\\/ateliers-en-entreprise\\\/\",\"name\":\"Ateliers en entreprise - Ballet Academy Vladimir Ippolitov\",\"isPartOf\":{\"@id\":\"https:\\\/\\\/ballet-academy.ch\\\/fr\\\/#website\"},\"datePublished\":\"2026-01-17T19:12:17+00:00\",\"breadcrumb\":{\"@id\":\"https:\\\/\\\/ballet-academy.ch\\\/fr\\\/produit\\\/ateliers-en-entreprise\\\/#breadcrumb\"},\"inLanguage\":\"fr-FR\",\"potentialAction\":[{\"@type\":\"ReadAction\",\"target\":[\"https:\\\/\\\/ballet-academy.ch\\\/fr\\\/produit\\\/ateliers-en-entreprise\\\/\"]}]},{\"@type\":\"BreadcrumbList\",\"@id\":\"https:\\\/\\\/ballet-academy.ch\\\/fr\\\/produit\\\/ateliers-en-entreprise\\\/#breadcrumb\",\"itemListElement\":[{\"@type\":\"ListItem\",\"position\":1,\"name\":\"Home\",\"item\":\"https:\\\/\\\/ballet-academy.ch\\\/fr\\\/\"},{\"@type\":\"ListItem\",\"position\":2,\"name\":\"Boutique\",\"item\":\"https:\\\/\\\/ballet-academy.ch\\\/shop\\\/\"},{\"@type\":\"ListItem\",\"position\":3,\"name\":\"Ateliers en entreprise\"}]},{\"@type\":\"WebSite\",\"@id\":\"https:\\\/\\\/ballet-academy.ch\\\/fr\\\/#website\",\"url\":\"https:\\\/\\\/ballet-academy.ch\\\/fr\\\/\",\"name\":\"Ballet Academy Vladimir Ippolitov\",\"description\":\"The Art of Discipline, Elegance, and Presence.\",\"publisher\":{\"@id\":\"https:\\\/\\\/ballet-academy.ch\\\/fr\\\/#organization\"},\"potentialAction\":[{\"@type\":\"SearchAction\",\"target\":{\"@type\":\"EntryPoint\",\"urlTemplate\":\"https:\\\/\\\/ballet-academy.ch\\\/fr\\\/?s={search_term_string}\"},\"query-input\":{\"@type\":\"PropertyValueSpecification\",\"valueRequired\":true,\"valueName\":\"search_term_string\"}}],\"inLanguage\":\"fr-FR\"},{\"@type\":\"Organization\",\"@id\":\"https:\\\/\\\/ballet-academy.ch\\\/fr\\\/#organization\",\"name\":\"Ballet Academy Vladimir Ippolitov\",\"url\":\"https:\\\/\\\/ballet-academy.ch\\\/fr\\\/\",\"logo\":{\"@type\":\"ImageObject\",\"inLanguage\":\"fr-FR\",\"@id\":\"https:\\\/\\\/ballet-academy.ch\\\/fr\\\/#\\\/schema\\\/logo\\\/image\\\/\",\"url\":\"https:\\\/\\\/ballet-academy.ch\\\/wp-content\\\/uploads\\\/2026\\\/03\\\/BA_VI_Logo-Text_Symmetrical_transparent.png\",\"contentUrl\":\"https:\\\/\\\/ballet-academy.ch\\\/wp-content\\\/uploads\\\/2026\\\/03\\\/BA_VI_Logo-Text_Symmetrical_transparent.png\",\"width\":1000,\"height\":448,\"caption\":\"Ballet Academy Vladimir Ippolitov\"},\"image\":{\"@id\":\"https:\\\/\\\/ballet-academy.ch\\\/fr\\\/#\\\/schema\\\/logo\\\/image\\\/\"},\"sameAs\":[\"https:\\\/\\\/www.facebook.com\\\/ecoledeballetvippolitov\",\"https:\\\/\\\/www.instagram.com\\\/ippolitovballetschool\\\/\"]}]}<\/script>\n<!-- \/ Yoast SEO plugin. -->","yoast_head_json":{"title":"Ateliers en entreprise - Ballet Academy Vladimir Ippolitov","robots":{"index":"index","follow":"follow","max-snippet":"max-snippet:-1","max-image-preview":"max-image-preview:large","max-video-preview":"max-video-preview:-1"},"canonical":"https:\/\/ballet-academy.ch\/fr\/produit\/ateliers-en-entreprise\/","og_locale":"fr_FR","og_type":"article","og_title":"Ateliers en entreprise - Ballet Academy Vladimir Ippolitov","og_description":"Team building bas\u00e9 sur le mouvement pour les groupes en entreprise.","og_url":"https:\/\/ballet-academy.ch\/fr\/produit\/ateliers-en-entreprise\/","og_site_name":"Ballet Academy Vladimir Ippolitov","article_publisher":"https:\/\/www.facebook.com\/ecoledeballetvippolitov","og_image":[{"width":1024,"height":1024,"url":"https:\/\/ballet-academy.ch\/wp-content\/uploads\/2026\/01\/BA-Corporate_Workshop.jpg","type":"image\/jpeg"}],"twitter_card":"summary_large_image","schema":{"@context":"https:\/\/schema.org","@graph":[{"@type":"WebPage","@id":"https:\/\/ballet-academy.ch\/fr\/produit\/ateliers-en-entreprise\/","url":"https:\/\/ballet-academy.ch\/fr\/produit\/ateliers-en-entreprise\/","name":"Ateliers en entreprise - Ballet Academy Vladimir Ippolitov","isPartOf":{"@id":"https:\/\/ballet-academy.ch\/fr\/#website"},"datePublished":"2026-01-17T19:12:17+00:00","breadcrumb":{"@id":"https:\/\/ballet-academy.ch\/fr\/produit\/ateliers-en-entreprise\/#breadcrumb"},"inLanguage":"fr-FR","potentialAction":[{"@type":"ReadAction","target":["https:\/\/ballet-academy.ch\/fr\/produit\/ateliers-en-entreprise\/"]}]},{"@type":"BreadcrumbList","@id":"https:\/\/ballet-academy.ch\/fr\/produit\/ateliers-en-entreprise\/#breadcrumb","itemListElement":[{"@type":"ListItem","position":1,"name":"Home","item":"https:\/\/ballet-academy.ch\/fr\/"},{"@type":"ListItem","position":2,"name":"Boutique","item":"https:\/\/ballet-academy.ch\/shop\/"},{"@type":"ListItem","position":3,"name":"Ateliers en entreprise"}]},{"@type":"WebSite","@id":"https:\/\/ballet-academy.ch\/fr\/#website","url":"https:\/\/ballet-academy.ch\/fr\/","name":"Ballet Academy Vladimir Ippolitov","description":"The Art of Discipline, Elegance, and Presence.","publisher":{"@id":"https:\/\/ballet-academy.ch\/fr\/#organization"},"potentialAction":[{"@type":"SearchAction","target":{"@type":"EntryPoint","urlTemplate":"https:\/\/ballet-academy.ch\/fr\/?s={search_term_string}"},"query-input":{"@type":"PropertyValueSpecification","valueRequired":true,"valueName":"search_term_string"}}],"inLanguage":"fr-FR"},{"@type":"Organization","@id":"https:\/\/ballet-academy.ch\/fr\/#organization","name":"Ballet Academy Vladimir Ippolitov","url":"https:\/\/ballet-academy.ch\/fr\/","logo":{"@type":"ImageObject","inLanguage":"fr-FR","@id":"https:\/\/ballet-academy.ch\/fr\/#\/schema\/logo\/image\/","url":"https:\/\/ballet-academy.ch\/wp-content\/uploads\/2026\/03\/BA_VI_Logo-Text_Symmetrical_transparent.png","contentUrl":"https:\/\/ballet-academy.ch\/wp-content\/uploads\/2026\/03\/BA_VI_Logo-Text_Symmetrical_transparent.png","width":1000,"height":448,"caption":"Ballet Academy Vladimir Ippolitov"},"image":{"@id":"https:\/\/ballet-academy.ch\/fr\/#\/schema\/logo\/image\/"},"sameAs":["https:\/\/www.facebook.com\/ecoledeballetvippolitov","https:\/\/www.instagram.com\/ippolitovballetschool\/"]}]}},"_links":{"self":[{"href":"https:\/\/ballet-academy.ch\/fr\/wp-json\/wp\/v2\/product\/2274","targetHints":{"allow":["GET"]}}],"collection":[{"href":"https:\/\/ballet-academy.ch\/fr\/wp-json\/wp\/v2\/product"}],"about":[{"href":"https:\/\/ballet-academy.ch\/fr\/wp-json\/wp\/v2\/types\/product"}],"wp:attachment":[{"href":"https:\/\/ballet-academy.ch\/fr\/wp-json\/wp\/v2\/media?parent=2274"}],"wp:term":[{"taxonomy":"audience","embeddable":true,"href":"https:\/\/ballet-academy.ch\/fr\/wp-json\/wp\/v2\/audience?post=2274"},{"taxonomy":"location","embeddable":true,"href":"https:\/\/ballet-academy.ch\/fr\/wp-json\/wp\/v2\/location?post=2274"},{"taxonomy":"offer_type","embeddable":true,"href":"https:\/\/ballet-academy.ch\/fr\/wp-json\/wp\/v2\/offer_type?post=2274"},{"taxonomy":"product_brand","embeddable":true,"href":"https:\/\/ballet-academy.ch\/fr\/wp-json\/wp\/v2\/product_brand?post=2274"},{"taxonomy":"product_cat","embeddable":true,"href":"https:\/\/ballet-academy.ch\/fr\/wp-json\/wp\/v2\/product_cat?post=2274"},{"taxonomy":"product_tag","embeddable":true,"href":"https:\/\/ballet-academy.ch\/fr\/wp-json\/wp\/v2\/product_tag?post=2274"}],"curies":[{"name":"wp","href":"https:\/\/api.w.org\/{rel}","templated":true}]}}