{"id":2007,"date":"2026-01-18T05:55:42","date_gmt":"2026-01-18T05:55:42","guid":{"rendered":"https:\/\/ballet-academy.ch\/dirigeants\/"},"modified":"2026-03-04T21:05:24","modified_gmt":"2026-03-04T21:05:24","slug":"dirigeants","status":"publish","type":"page","link":"https:\/\/ballet-academy.ch\/fr\/dirigeants\/","title":{"rendered":"Dirigeants"},"content":{"rendered":"<div class=\"et_pb_section_0 et_pb_section et_section_regular et_block_section\">\n<div class=\"et_pb_row_0 et_pb_row et_block_row my_inline_buttons\">\n<div class=\"et_pb_column_0 et_pb_column et_pb_column_4_4 et-last-child et_block_column et_pb_css_mix_blend_mode_passthrough\">\n<div class=\"et_pb_text_0 et_pb_text et_pb_bg_layout_light et_pb_module et_block_module preset--group--divi-text--divi-font-body--default\"><div class=\"et_pb_text_inner\"><h2 style=\"text-align: center;\">Programme Leaders<\/h2>\n<\/div><\/div>\n<\/div>\n<\/div>\n\n<div class=\"et_pb_row_1 et_pb_row et_flex_row preset--module--divi-row--cecf9a8b-7277-4783-94d4-573ce1581a80\">\n<div class=\"et_pb_column_1 et_pb_column et_flex_column et_pb_css_mix_blend_mode_passthrough et_flex_column_2_5 et_flex_column_2_5_tablet et_flex_column_24_24_phone\">\n<div class=\"et_pb_text_1 et_pb_text et_pb_bg_layout_light et_pb_module et_block_module preset--group--divi-text--divi-font-body--default\"><div class=\"et_pb_text_inner\"><p>Pour les dirigeants et les cadres, notre Programme Leaders propose un d\u00e9veloppement du leadership incarn\u00e9 \u00e0 travers des formations \u00e0 la pr\u00e9sence ex\u00e9cutive, un coaching personnalis\u00e9 et des formats immersifs \u2014 des sessions individuelles cibl\u00e9es aux ateliers d'entreprise et retraites exclusives. Chaque exp\u00e9rience est con\u00e7ue pour cultiver la posture, l'autorit\u00e9 et la clart\u00e9 expressive, soutenant un leadership confiant par la conscience de soi, l'alignement et une communication non verbale raffin\u00e9e. <\/p>\n<\/div><\/div>\n<\/div>\n\n<div class=\"et_pb_column_2 et_pb_column et-last-child et_flex_column et_pb_css_mix_blend_mode_passthrough et_flex_column_3_5 et_flex_column_3_5_tablet et_flex_column_24_24_phone\">\n<div class=\"et_pb_slider_0 et_pb_slider et_pb_slider_fullwidth_off et_pb_module et_flex_module fullimage-slider preset--group--divi-slider--divi-font-body--default\"><div class=\"et_pb_slides\">\n<div class=\"et_pb_slide_0 et_pb_slide et_pb_slide_with_image et_pb_media_alignment_center et_pb_bg_layout_dark preset--group--divi-slide--divi-font-body--default\" data-slide-id=\"divi\/slide-0\"><div class=\"et_pb_container\"><div class=\"et_pb_slider_container_inner\"><div class=\"et_pb_slide_image\"><img loading=\"lazy\" decoding=\"async\" src=\"https:\/\/ballet-academy.ch\/wp-content\/uploads\/2026\/01\/TG_241008_World_Ballet_Stars_3911.jpg\" alt=\"Ballet Academy Vladimir Ippolitov. Leaders Program\" width=\"1500\" height=\"998\" srcset=\"https:\/\/ballet-academy.ch\/wp-content\/uploads\/2026\/01\/TG_241008_World_Ballet_Stars_3911.jpg 1500w, https:\/\/ballet-academy.ch\/wp-content\/uploads\/2026\/01\/TG_241008_World_Ballet_Stars_3911-1280x852.jpg 1280w, https:\/\/ballet-academy.ch\/wp-content\/uploads\/2026\/01\/TG_241008_World_Ballet_Stars_3911-980x652.jpg 980w, https:\/\/ballet-academy.ch\/wp-content\/uploads\/2026\/01\/TG_241008_World_Ballet_Stars_3911-480x319.jpg 480w\" sizes=\"(min-width: 0px) and (max-width: 480px) 480px, (min-width: 481px) and (max-width: 980px) 980px, (min-width: 981px) and (max-width: 1280px) 1280px, (min-width: 1281px) 1500px, 100vw\" class=\"wp-image-922\" title=\"Ballet Academy Vladimir Ippolitov. Leaders Program\" \/><\/div><div class=\"et_pb_slide_description et_flex_module\"><\/div><\/div><\/div><\/div>\n\n<div class=\"et_pb_slide_1 et_pb_slide et_pb_slide_with_image et_pb_media_alignment_center et_pb_bg_layout_dark preset--group--divi-slide--divi-font-body--default\" data-slide-id=\"divi\/slide-1\"><div class=\"et_pb_container\"><div class=\"et_pb_slider_container_inner\"><div class=\"et_pb_slide_image\"><img loading=\"lazy\" decoding=\"async\" src=\"https:\/\/ballet-academy.ch\/wp-content\/uploads\/2026\/02\/BA-Leadership_Retreat_32.jpg\" alt=\"Ballet Academy Vladimir Ippolitov. Leadership Retreats\" width=\"1536\" height=\"1024\" srcset=\"https:\/\/ballet-academy.ch\/wp-content\/uploads\/2026\/02\/BA-Leadership_Retreat_32.jpg 1536w, https:\/\/ballet-academy.ch\/wp-content\/uploads\/2026\/02\/BA-Leadership_Retreat_32-1280x853.jpg 1280w, https:\/\/ballet-academy.ch\/wp-content\/uploads\/2026\/02\/BA-Leadership_Retreat_32-980x653.jpg 980w, https:\/\/ballet-academy.ch\/wp-content\/uploads\/2026\/02\/BA-Leadership_Retreat_32-480x320.jpg 480w\" sizes=\"(min-width: 0px) and (max-width: 480px) 480px, (min-width: 481px) and (max-width: 980px) 980px, (min-width: 981px) and (max-width: 1280px) 1280px, (min-width: 1281px) 1536px, 100vw\" class=\"wp-image-927\" title=\"Ballet Academy Vladimir Ippolitov. Leadership Retreats\" \/><\/div><div class=\"et_pb_slide_description et_flex_module\"><\/div><\/div><\/div><\/div>\n\n<div class=\"et_pb_slide_2 et_pb_slide et_pb_slide_with_image et_pb_media_alignment_center et_pb_bg_layout_dark preset--group--divi-slide--divi-font-body--default\" data-slide-id=\"divi\/slide-2\"><div class=\"et_pb_container\"><div class=\"et_pb_slider_container_inner\"><div class=\"et_pb_slide_image\"><img loading=\"lazy\" decoding=\"async\" src=\"https:\/\/ballet-academy.ch\/wp-content\/uploads\/2026\/01\/TG_230611_World_Ballet_Stars_4316.jpg\" alt=\"Ballet Academy Vladimir Ippolitov. Leaders Program\" width=\"1500\" height=\"998\" srcset=\"https:\/\/ballet-academy.ch\/wp-content\/uploads\/2026\/01\/TG_230611_World_Ballet_Stars_4316.jpg 1500w, https:\/\/ballet-academy.ch\/wp-content\/uploads\/2026\/01\/TG_230611_World_Ballet_Stars_4316-1280x852.jpg 1280w, https:\/\/ballet-academy.ch\/wp-content\/uploads\/2026\/01\/TG_230611_World_Ballet_Stars_4316-980x652.jpg 980w, https:\/\/ballet-academy.ch\/wp-content\/uploads\/2026\/01\/TG_230611_World_Ballet_Stars_4316-480x319.jpg 480w\" sizes=\"(min-width: 0px) and (max-width: 480px) 480px, (min-width: 481px) and (max-width: 980px) 980px, (min-width: 981px) and (max-width: 1280px) 1280px, (min-width: 1281px) 1500px, 100vw\" class=\"wp-image-920\" title=\"Ballet Academy Vladimir Ippolitov. Leaders Program\" \/><\/div><div class=\"et_pb_slide_description et_flex_module\"><\/div><\/div><\/div><\/div>\n<\/div><\/div>\n<\/div>\n<\/div>\n<\/div>\n\n<div class=\"et_pb_section_1 et_pb_section et_section_regular et_flex_section\"><div class=\"et_pb_row_2 et_pb_row et_flex_row preset--module--divi-row--cecf9a8b-7277-4783-94d4-573ce1581a80\">\n<div class=\"et_pb_column_3 et_pb_column et-last-child et_flex_column et_pb_css_mix_blend_mode_passthrough et_flex_column_24_24 et_flex_column_24_24_tablet et_flex_column_24_24_phone\">\n<div class=\"et_pb_text_2 et_pb_text et_pb_bg_layout_light et_pb_module et_flex_module preset--group--divi-text--divi-font-body--default\"><div class=\"et_pb_text_inner\"><h3>Programmes de formation pour dirigeants<\/h3>\n<\/div><\/div>\n<\/div>\n<\/div><div class=\"et_pb_row_3 et_pb_row et_flex_row preset--module--divi-row--cecf9a8b-7277-4783-94d4-573ce1581a80\" data-loop-item=\"0\">\n<div class=\"et_pb_column_4 et_pb_column et_flex_column et_pb_css_mix_blend_mode_passthrough et_flex_column_8_24 et_flex_column_6_24_tablet et_flex_column_24_24_phone\">\n<div class=\"et_pb_image_0 et_pb_image et_pb_module et_flex_module\"><\/div>\n<\/div>\n\n<div class=\"et_pb_column_5 et_pb_column et-last-child et_flex_column et_pb_css_mix_blend_mode_passthrough et_flex_column_18_24 et_flex_column_18_24_tablet et_flex_column_24_24_phone\">\n<div class=\"et_pb_text_3 et_pb_text et_pb_bg_layout_light et_clickable et_pb_module et_flex_module preset--group--divi-text--divi-font-body--default\"><div class=\"et_pb_text_inner\"><h3>Programme de Pr\u00e9sence Ex\u00e9cutive<\/h3>\n<\/div><\/div>\n\n<div class=\"et_pb_text_4 et_pb_text et_pb_bg_layout_light et_pb_module et_flex_module preset--group--divi-text--divi-font-body--default\"><div class=\"et_pb_text_inner\"><p>Formation en Posture et Confiance<\/p>\n<\/div><\/div>\n\n<div class=\"et_pb_image_1 et_pb_image et_pb_module et_flex_module\"><\/div>\n\n<div class=\"et_pb_text_5 et_pb_text et_pb_bg_layout_light et_pb_module et_flex_module preset--group--divi-text--divi-font-body--default\"><div class=\"et_pb_text_inner\"><p>Une m\u00e9thode de coaching premium pour la pr\u00e9sence de leadership.<\/p>\n<\/div><\/div>\n\n<div class=\"et_pb_text_6 et_pb_text et_pb_bg_layout_light et_pb_module et_flex_module preset--group--divi-text--divi-font-body--default\"><div class=\"et_pb_text_inner\"><p>Tarifs: 280 CHF \/ s\u00e9ance<\/p>\n<\/div><\/div>\n\n<div class=\"et_pb_module et_pb_button_module_wrapper et_pb_button_0_wrapper\"><a class=\"et_pb_button_0 et_pb_button et_pb_bg_layout_light et_pb_module et_flex_module\" href=\"https:\/\/ballet-academy.ch\/fr\/produit\/programme-de-presence-executive\/\">D\u00e9couvrir le programme<\/a><\/div>\n<\/div>\n<\/div><div class=\"et_pb_row_4 et_pb_row et_flex_row preset--module--divi-row--cecf9a8b-7277-4783-94d4-573ce1581a80\" data-loop-item=\"1\">\n<div class=\"et_pb_column_6 et_pb_column et_flex_column et_pb_css_mix_blend_mode_passthrough et_flex_column_8_24 et_flex_column_6_24_tablet et_flex_column_24_24_phone\">\n<div class=\"et_pb_image_2 et_pb_image et_pb_module et_flex_module\"><a href=\"https:\/\/ballet-academy.ch\/fr\/produit\/coaching-leadership-11\/\"><span class=\"et_pb_image_wrap\"><img loading=\"lazy\" decoding=\"async\" src=\"https:\/\/ballet-academy.ch\/wp-content\/uploads\/2026\/01\/TG_230611_World_Ballet_Stars_4316-main.jpg\" width=\"1200\" height=\"1200\" srcset=\"https:\/\/ballet-academy.ch\/wp-content\/uploads\/2026\/01\/TG_230611_World_Ballet_Stars_4316-main.jpg 1200w, https:\/\/ballet-academy.ch\/wp-content\/uploads\/2026\/01\/TG_230611_World_Ballet_Stars_4316-main-980x980.jpg 980w, https:\/\/ballet-academy.ch\/wp-content\/uploads\/2026\/01\/TG_230611_World_Ballet_Stars_4316-main-480x480.jpg 480w\" sizes=\"(min-width: 0px) and (max-width: 480px) 480px, (min-width: 481px) and (max-width: 980px) 980px, (min-width: 981px) 1200px, 100vw\" class=\"wp-image-921\" \/><\/span><\/a><\/div>\n<\/div>\n\n<div class=\"et_pb_column_7 et_pb_column et-last-child et_flex_column et_pb_css_mix_blend_mode_passthrough et_flex_column_18_24 et_flex_column_18_24_tablet et_flex_column_24_24_phone\">\n<div class=\"et_pb_text_7 et_pb_text et_pb_bg_layout_light et_clickable et_pb_module et_flex_module preset--group--divi-text--divi-font-body--default\"><div class=\"et_pb_text_inner\"><h3>Coaching Leadership 1:1<\/h3>\n<\/div><\/div>\n\n<div class=\"et_pb_text_8 et_pb_text et_pb_bg_layout_light et_pb_module et_flex_module preset--group--divi-text--divi-font-body--default\"><div class=\"et_pb_text_inner\"><p>Impact &amp; Communication<\/p>\n<\/div><\/div>\n\n<div class=\"et_pb_image_3 et_pb_image et_pb_module et_flex_module\"><a href=\"https:\/\/ballet-academy.ch\/fr\/produit\/coaching-leadership-11\/\"><span class=\"et_pb_image_wrap\"><img loading=\"lazy\" decoding=\"async\" src=\"https:\/\/ballet-academy.ch\/wp-content\/uploads\/2026\/01\/TG_230611_World_Ballet_Stars_4316-main.jpg\" width=\"1200\" height=\"1200\" srcset=\"https:\/\/ballet-academy.ch\/wp-content\/uploads\/2026\/01\/TG_230611_World_Ballet_Stars_4316-main.jpg 1200w, https:\/\/ballet-academy.ch\/wp-content\/uploads\/2026\/01\/TG_230611_World_Ballet_Stars_4316-main-980x980.jpg 980w, https:\/\/ballet-academy.ch\/wp-content\/uploads\/2026\/01\/TG_230611_World_Ballet_Stars_4316-main-480x480.jpg 480w\" sizes=\"(min-width: 0px) and (max-width: 480px) 480px, (min-width: 481px) and (max-width: 980px) 980px, (min-width: 981px) 1200px, 100vw\" class=\"wp-image-921\" \/><\/span><\/a><\/div>\n\n<div class=\"et_pb_text_9 et_pb_text et_pb_bg_layout_light et_pb_module et_flex_module preset--group--divi-text--divi-font-body--default\"><div class=\"et_pb_text_inner\"><p>Coaching personnalis\u00e9 pour cadres dirigeants.<\/p>\n<\/div><\/div>\n\n<div class=\"et_pb_text_10 et_pb_text et_pb_bg_layout_light et_pb_module et_flex_module preset--group--divi-text--divi-font-body--default\"><div class=\"et_pb_text_inner\"><p>Tarifs: 500 CHF \/ s\u00e9ance<\/p>\n<\/div><\/div>\n\n<div class=\"et_pb_module et_pb_button_module_wrapper et_pb_button_1_wrapper\"><a class=\"et_pb_button_1 et_pb_button et_pb_bg_layout_light et_pb_module et_flex_module\" href=\"https:\/\/ballet-academy.ch\/fr\/produit\/coaching-leadership-11\/\">D\u00e9couvrir le programme<\/a><\/div>\n<\/div>\n<\/div><div class=\"et_pb_row_5 et_pb_row et_flex_row preset--module--divi-row--cecf9a8b-7277-4783-94d4-573ce1581a80\" data-loop-item=\"2\">\n<div class=\"et_pb_column_8 et_pb_column et_flex_column et_pb_css_mix_blend_mode_passthrough et_flex_column_8_24 et_flex_column_6_24_tablet et_flex_column_24_24_phone\">\n<div class=\"et_pb_image_4 et_pb_image et_pb_module et_flex_module\"><\/div>\n<\/div>\n\n<div class=\"et_pb_column_9 et_pb_column et-last-child et_flex_column et_pb_css_mix_blend_mode_passthrough et_flex_column_18_24 et_flex_column_18_24_tablet et_flex_column_24_24_phone\">\n<div class=\"et_pb_text_11 et_pb_text et_pb_bg_layout_light et_clickable et_pb_module et_flex_module preset--group--divi-text--divi-font-body--default\"><div class=\"et_pb_text_inner\"><h3>Ateliers en entreprise<\/h3>\n<\/div><\/div>\n\n<div class=\"et_pb_text_12 et_pb_text et_pb_bg_layout_light et_pb_module et_flex_module preset--group--divi-text--divi-font-body--default\"><div class=\"et_pb_text_inner\"><p>Formation \u00e0 la pr\u00e9sence d\u2019\u00e9quipe<\/p>\n<\/div><\/div>\n\n<div class=\"et_pb_image_5 et_pb_image et_pb_module et_flex_module\"><\/div>\n\n<div class=\"et_pb_text_13 et_pb_text et_pb_bg_layout_light et_pb_module et_flex_module preset--group--divi-text--divi-font-body--default\"><div class=\"et_pb_text_inner\"><p>Team building bas\u00e9 sur le mouvement pour les groupes en entreprise.<\/p>\n<\/div><\/div>\n\n<div class=\"et_pb_text_14 et_pb_text et_pb_bg_layout_light et_pb_module et_flex_module preset--group--divi-text--divi-font-body--default\"><div class=\"et_pb_text_inner\"><p>Tarifs: 1\u2019400 CHF \/ 90 minutes<\/p>\n<\/div><\/div>\n\n<div class=\"et_pb_module et_pb_button_module_wrapper et_pb_button_2_wrapper\"><a class=\"et_pb_button_2 et_pb_button et_pb_bg_layout_light et_pb_module et_flex_module\" href=\"https:\/\/ballet-academy.ch\/fr\/produit\/ateliers-en-entreprise\/\">D\u00e9couvrir le programme<\/a><\/div>\n<\/div>\n<\/div><div class=\"et_pb_row_6 et_pb_row et_flex_row preset--module--divi-row--cecf9a8b-7277-4783-94d4-573ce1581a80\" data-loop-item=\"3\">\n<div class=\"et_pb_column_10 et_pb_column et_flex_column et_pb_css_mix_blend_mode_passthrough et_flex_column_8_24 et_flex_column_6_24_tablet et_flex_column_24_24_phone\">\n<div class=\"et_pb_image_6 et_pb_image et_pb_module et_flex_module\"><\/div>\n<\/div>\n\n<div class=\"et_pb_column_11 et_pb_column et-last-child et_flex_column et_pb_css_mix_blend_mode_passthrough et_flex_column_18_24 et_flex_column_18_24_tablet et_flex_column_24_24_phone\">\n<div class=\"et_pb_text_15 et_pb_text et_pb_bg_layout_light et_clickable et_pb_module et_flex_module preset--group--divi-text--divi-font-body--default\"><div class=\"et_pb_text_inner\"><h3>Retraites Leadership<\/h3>\n<\/div><\/div>\n\n<div class=\"et_pb_text_16 et_pb_text et_pb_bg_layout_light et_pb_module et_flex_module preset--group--divi-text--divi-font-body--default\"><div class=\"et_pb_text_inner\"><p>Journ\u00e9e Leadership Immersive<\/p>\n<\/div><\/div>\n\n<div class=\"et_pb_image_7 et_pb_image et_pb_module et_flex_module\"><\/div>\n\n<div class=\"et_pb_text_17 et_pb_text et_pb_bg_layout_light et_pb_module et_flex_module preset--group--divi-text--divi-font-body--default\"><div class=\"et_pb_text_inner\"><p>Retraite exclusive combinant mouvement, mindset et formation au leadership.<\/p>\n<\/div><\/div>\n\n<div class=\"et_pb_text_18 et_pb_text et_pb_bg_layout_light et_pb_module et_flex_module preset--group--divi-text--divi-font-body--default\"><div class=\"et_pb_text_inner\"><p>Tarifs: 3'500\u20135'000 CHF \/ jour<\/p>\n<\/div><\/div>\n\n<div class=\"et_pb_module et_pb_button_module_wrapper et_pb_button_3_wrapper\"><a class=\"et_pb_button_3 et_pb_button et_pb_bg_layout_light et_pb_module et_flex_module\" href=\"https:\/\/ballet-academy.ch\/fr\/produit\/retraites-leadership\/\">D\u00e9couvrir le programme<\/a><\/div>\n<\/div>\n<\/div><\/div>","protected":false},"excerpt":{"rendered":"","protected":false},"author":1,"featured_media":0,"parent":0,"menu_order":0,"comment_status":"closed","ping_status":"closed","template":"","meta":{"_acf_changed":false,"footnotes":""},"class_list":["post-2007","page","type-page","status-publish","hentry"],"acf":[],"yoast_head":"<!-- This site is optimized with the Yoast SEO plugin v27.3 - https:\/\/yoast.com\/product\/yoast-seo-wordpress\/ -->\n<title>Dirigeants - Ballet Academy Vladimir Ippolitov<\/title>\n<meta name=\"robots\" content=\"index, follow, max-snippet:-1, max-image-preview:large, max-video-preview:-1\" \/>\n<link rel=\"canonical\" href=\"https:\/\/ballet-academy.ch\/fr\/dirigeants\/\" \/>\n<meta property=\"og:locale\" content=\"fr_FR\" \/>\n<meta property=\"og:type\" content=\"article\" \/>\n<meta property=\"og:title\" content=\"Dirigeants - Ballet Academy Vladimir Ippolitov\" \/>\n<meta property=\"og:url\" content=\"https:\/\/ballet-academy.ch\/fr\/dirigeants\/\" \/>\n<meta property=\"og:site_name\" content=\"Ballet Academy Vladimir Ippolitov\" \/>\n<meta property=\"article:publisher\" content=\"https:\/\/www.facebook.com\/ecoledeballetvippolitov\" \/>\n<meta property=\"article:modified_time\" content=\"2026-03-04T21:05:24+00:00\" \/>\n<meta property=\"og:image\" content=\"https:\/\/ballet-academy.ch\/wp-content\/uploads\/2026\/03\/BA_VI_Logo-Text_Symmetrical_transparent.png\" \/>\n\t<meta property=\"og:image:width\" content=\"1000\" \/>\n\t<meta property=\"og:image:height\" content=\"448\" \/>\n\t<meta property=\"og:image:type\" content=\"image\/png\" \/>\n<meta name=\"twitter:card\" content=\"summary_large_image\" \/>\n<script type=\"application\/ld+json\" class=\"yoast-schema-graph\">{\"@context\":\"https:\\\/\\\/schema.org\",\"@graph\":[{\"@type\":\"WebPage\",\"@id\":\"https:\\\/\\\/ballet-academy.ch\\\/fr\\\/dirigeants\\\/\",\"url\":\"https:\\\/\\\/ballet-academy.ch\\\/fr\\\/dirigeants\\\/\",\"name\":\"Dirigeants - Ballet Academy Vladimir Ippolitov\",\"isPartOf\":{\"@id\":\"https:\\\/\\\/ballet-academy.ch\\\/fr\\\/#website\"},\"datePublished\":\"2026-01-18T05:55:42+00:00\",\"dateModified\":\"2026-03-04T21:05:24+00:00\",\"breadcrumb\":{\"@id\":\"https:\\\/\\\/ballet-academy.ch\\\/fr\\\/dirigeants\\\/#breadcrumb\"},\"inLanguage\":\"fr-FR\",\"potentialAction\":[{\"@type\":\"ReadAction\",\"target\":[\"https:\\\/\\\/ballet-academy.ch\\\/fr\\\/dirigeants\\\/\"]}]},{\"@type\":\"BreadcrumbList\",\"@id\":\"https:\\\/\\\/ballet-academy.ch\\\/fr\\\/dirigeants\\\/#breadcrumb\",\"itemListElement\":[{\"@type\":\"ListItem\",\"position\":1,\"name\":\"Home\",\"item\":\"https:\\\/\\\/ballet-academy.ch\\\/fr\\\/\"},{\"@type\":\"ListItem\",\"position\":2,\"name\":\"Dirigeants\"}]},{\"@type\":\"WebSite\",\"@id\":\"https:\\\/\\\/ballet-academy.ch\\\/fr\\\/#website\",\"url\":\"https:\\\/\\\/ballet-academy.ch\\\/fr\\\/\",\"name\":\"Ballet Academy Vladimir Ippolitov\",\"description\":\"The Art of Discipline, Elegance, and Presence.\",\"publisher\":{\"@id\":\"https:\\\/\\\/ballet-academy.ch\\\/fr\\\/#organization\"},\"potentialAction\":[{\"@type\":\"SearchAction\",\"target\":{\"@type\":\"EntryPoint\",\"urlTemplate\":\"https:\\\/\\\/ballet-academy.ch\\\/fr\\\/?s={search_term_string}\"},\"query-input\":{\"@type\":\"PropertyValueSpecification\",\"valueRequired\":true,\"valueName\":\"search_term_string\"}}],\"inLanguage\":\"fr-FR\"},{\"@type\":\"Organization\",\"@id\":\"https:\\\/\\\/ballet-academy.ch\\\/fr\\\/#organization\",\"name\":\"Ballet Academy Vladimir Ippolitov\",\"url\":\"https:\\\/\\\/ballet-academy.ch\\\/fr\\\/\",\"logo\":{\"@type\":\"ImageObject\",\"inLanguage\":\"fr-FR\",\"@id\":\"https:\\\/\\\/ballet-academy.ch\\\/fr\\\/#\\\/schema\\\/logo\\\/image\\\/\",\"url\":\"https:\\\/\\\/ballet-academy.ch\\\/wp-content\\\/uploads\\\/2026\\\/03\\\/BA_VI_Logo-Text_Symmetrical_transparent.png\",\"contentUrl\":\"https:\\\/\\\/ballet-academy.ch\\\/wp-content\\\/uploads\\\/2026\\\/03\\\/BA_VI_Logo-Text_Symmetrical_transparent.png\",\"width\":1000,\"height\":448,\"caption\":\"Ballet Academy Vladimir Ippolitov\"},\"image\":{\"@id\":\"https:\\\/\\\/ballet-academy.ch\\\/fr\\\/#\\\/schema\\\/logo\\\/image\\\/\"},\"sameAs\":[\"https:\\\/\\\/www.facebook.com\\\/ecoledeballetvippolitov\",\"https:\\\/\\\/www.instagram.com\\\/ippolitovballetschool\\\/\"]}]}<\/script>\n<!-- \/ Yoast SEO plugin. -->","yoast_head_json":{"title":"Dirigeants - Ballet Academy Vladimir Ippolitov","robots":{"index":"index","follow":"follow","max-snippet":"max-snippet:-1","max-image-preview":"max-image-preview:large","max-video-preview":"max-video-preview:-1"},"canonical":"https:\/\/ballet-academy.ch\/fr\/dirigeants\/","og_locale":"fr_FR","og_type":"article","og_title":"Dirigeants - Ballet Academy Vladimir Ippolitov","og_url":"https:\/\/ballet-academy.ch\/fr\/dirigeants\/","og_site_name":"Ballet Academy Vladimir Ippolitov","article_publisher":"https:\/\/www.facebook.com\/ecoledeballetvippolitov","article_modified_time":"2026-03-04T21:05:24+00:00","og_image":[{"width":1000,"height":448,"url":"https:\/\/ballet-academy.ch\/wp-content\/uploads\/2026\/03\/BA_VI_Logo-Text_Symmetrical_transparent.png","type":"image\/png"}],"twitter_card":"summary_large_image","schema":{"@context":"https:\/\/schema.org","@graph":[{"@type":"WebPage","@id":"https:\/\/ballet-academy.ch\/fr\/dirigeants\/","url":"https:\/\/ballet-academy.ch\/fr\/dirigeants\/","name":"Dirigeants - Ballet Academy Vladimir Ippolitov","isPartOf":{"@id":"https:\/\/ballet-academy.ch\/fr\/#website"},"datePublished":"2026-01-18T05:55:42+00:00","dateModified":"2026-03-04T21:05:24+00:00","breadcrumb":{"@id":"https:\/\/ballet-academy.ch\/fr\/dirigeants\/#breadcrumb"},"inLanguage":"fr-FR","potentialAction":[{"@type":"ReadAction","target":["https:\/\/ballet-academy.ch\/fr\/dirigeants\/"]}]},{"@type":"BreadcrumbList","@id":"https:\/\/ballet-academy.ch\/fr\/dirigeants\/#breadcrumb","itemListElement":[{"@type":"ListItem","position":1,"name":"Home","item":"https:\/\/ballet-academy.ch\/fr\/"},{"@type":"ListItem","position":2,"name":"Dirigeants"}]},{"@type":"WebSite","@id":"https:\/\/ballet-academy.ch\/fr\/#website","url":"https:\/\/ballet-academy.ch\/fr\/","name":"Ballet Academy Vladimir Ippolitov","description":"The Art of Discipline, Elegance, and Presence.","publisher":{"@id":"https:\/\/ballet-academy.ch\/fr\/#organization"},"potentialAction":[{"@type":"SearchAction","target":{"@type":"EntryPoint","urlTemplate":"https:\/\/ballet-academy.ch\/fr\/?s={search_term_string}"},"query-input":{"@type":"PropertyValueSpecification","valueRequired":true,"valueName":"search_term_string"}}],"inLanguage":"fr-FR"},{"@type":"Organization","@id":"https:\/\/ballet-academy.ch\/fr\/#organization","name":"Ballet Academy Vladimir Ippolitov","url":"https:\/\/ballet-academy.ch\/fr\/","logo":{"@type":"ImageObject","inLanguage":"fr-FR","@id":"https:\/\/ballet-academy.ch\/fr\/#\/schema\/logo\/image\/","url":"https:\/\/ballet-academy.ch\/wp-content\/uploads\/2026\/03\/BA_VI_Logo-Text_Symmetrical_transparent.png","contentUrl":"https:\/\/ballet-academy.ch\/wp-content\/uploads\/2026\/03\/BA_VI_Logo-Text_Symmetrical_transparent.png","width":1000,"height":448,"caption":"Ballet Academy Vladimir Ippolitov"},"image":{"@id":"https:\/\/ballet-academy.ch\/fr\/#\/schema\/logo\/image\/"},"sameAs":["https:\/\/www.facebook.com\/ecoledeballetvippolitov","https:\/\/www.instagram.com\/ippolitovballetschool\/"]}]}},"_links":{"self":[{"href":"https:\/\/ballet-academy.ch\/fr\/wp-json\/wp\/v2\/pages\/2007","targetHints":{"allow":["GET"]}}],"collection":[{"href":"https:\/\/ballet-academy.ch\/fr\/wp-json\/wp\/v2\/pages"}],"about":[{"href":"https:\/\/ballet-academy.ch\/fr\/wp-json\/wp\/v2\/types\/page"}],"author":[{"embeddable":true,"href":"https:\/\/ballet-academy.ch\/fr\/wp-json\/wp\/v2\/users\/1"}],"replies":[{"embeddable":true,"href":"https:\/\/ballet-academy.ch\/fr\/wp-json\/wp\/v2\/comments?post=2007"}],"version-history":[{"count":2,"href":"https:\/\/ballet-academy.ch\/fr\/wp-json\/wp\/v2\/pages\/2007\/revisions"}],"predecessor-version":[{"id":2010,"href":"https:\/\/ballet-academy.ch\/fr\/wp-json\/wp\/v2\/pages\/2007\/revisions\/2010"}],"wp:attachment":[{"href":"https:\/\/ballet-academy.ch\/fr\/wp-json\/wp\/v2\/media?parent=2007"}],"curies":[{"name":"wp","href":"https:\/\/api.w.org\/{rel}","templated":true}]}}